

{"id":2,"date":"2023-12-14T09:43:25","date_gmt":"2023-12-14T09:43:25","guid":{"rendered":"https:\/\/nordic-oil.fr\/?page_id=2"},"modified":"2023-12-18T11:48:57","modified_gmt":"2023-12-18T11:48:57","slug":"frontpage","status":"publish","type":"page","link":"https:\/\/nordic-oil.fr\/","title":{"rendered":"Frontpage"},"content":{"rendered":"\n\n  <div class=\"banner has-hover has-parallax\" id=\"banner-1314221425\">\n          <div class=\"banner-inner fill\">\n        <div class=\"banner-bg fill\" data-parallax=\"-3\" data-parallax-container=\".banner\" data-parallax-background>\n            <div class=\"bg fill bg-fill \"><\/div>\n                                    \n                    <\/div>\n\t\t\n        <div class=\"banner-layers container\">\n            <div class=\"fill banner-link\"><\/div>            \n\n   <div id=\"text-box-2097986777\" class=\"text-box banner-layer x50 md-x95 lg-x95 y50 md-y50 lg-y50 res-text\">\n                     <div data-animate=\"fadeInLeft\">           <div class=\"text-box-content text dark\">\n              \n              <div class=\"text-inner text-center\">\n                  \n\n<h3 class=\"alt-font\">Nordic-Oil<\/h3>\n<h3 class=\"uppercase\"><strong>Huiles de sauna<\/strong><\/h3>\n<p>Bienvenue chez Nordic-oil.fr, votre destination ultime pour une exp\u00e9rience de sauna nordique exceptionnelle!<\/p>\n<a href=\"https:\/\/nordic-oil.fr\/?page_id=9\" class=\"button white\"  style=\"border-radius:99px;\">\n    <span>faire des achats<\/span>\n  <\/a>\n\n\n\n              <\/div>\n           <\/div>\n       <\/div>                     \n<style>\n#text-box-2097986777 {\n  width: 80%;\n}\n#text-box-2097986777 .text-box-content {\n  font-size: 100%;\n}\n@media (min-width:550px) {\n  #text-box-2097986777 {\n    width: 41%;\n  }\n}\n<\/style>\n    <\/div>\n \n\t<div class=\"img has-hover x5 md-x5 lg-x5 y85 md-y85 lg-y85\" id=\"image_1637142349\">\n\t\t\t\t\t\t\t\t<div class=\"img-inner dark\" >\n\t\t\t<img loading=\"lazy\" decoding=\"async\" width=\"940\" height=\"906\" src=\"https:\/\/nordic-oil.fr\/wp-content\/uploads\/2023\/12\/bf1ce04e-d5b1-4aaf-a474-7caec856d2aa.png\" class=\"attachment-large size-large\" alt=\"\" srcset=\"https:\/\/nordic-oil.fr\/wp-content\/uploads\/2023\/12\/bf1ce04e-d5b1-4aaf-a474-7caec856d2aa.png 940w, https:\/\/nordic-oil.fr\/wp-content\/uploads\/2023\/12\/bf1ce04e-d5b1-4aaf-a474-7caec856d2aa-600x578.png 600w, https:\/\/nordic-oil.fr\/wp-content\/uploads\/2023\/12\/bf1ce04e-d5b1-4aaf-a474-7caec856d2aa-300x289.png 300w, https:\/\/nordic-oil.fr\/wp-content\/uploads\/2023\/12\/bf1ce04e-d5b1-4aaf-a474-7caec856d2aa-768x740.png 768w\" sizes=\"auto, (max-width: 940px) 100vw, 940px\" \/>\t\t\t\t\t\t\n\t\t\t\t\t<\/div>\n\t\t\t\t\t\t\t\t\n<style>\n#image_1637142349 {\n  width: 35%;\n}\n<\/style>\n\t<\/div>\n\t\n\n\n        <\/div>\n      <\/div>\n\n            \n<style>\n#banner-1314221425 {\n  padding-top: 540px;\n  background-color: #7a9c59;\n}\n#banner-1314221425 .bg.bg-loaded {\n  background-image: 8950;\n}\n#banner-1314221425 .overlay {\n  background-color: rgba(0, 0, 0, 0.3);\n}\n#banner-1314221425 .bg {\n  background-position: 35% 23%;\n}\n<\/style>\n  <\/div>\n\n\n\n  <div class=\"banner has-hover has-parallax\" id=\"banner-253716772\">\n          <div class=\"banner-inner fill\">\n        <div class=\"banner-bg fill\" data-parallax=\"-3\" data-parallax-container=\".banner\" data-parallax-background>\n            <div class=\"bg fill bg-fill \"><\/div>\n                                    \n                    <\/div>\n\t\t\n        <div class=\"banner-layers container\">\n            <div class=\"fill banner-link\"><\/div>            \n\n   <div id=\"text-box-863289844\" class=\"text-box banner-layer x50 md-x10 lg-x10 y50 md-y50 lg-y50 res-text\">\n                                <div class=\"text-box-content text dark\">\n              \n              <div class=\"text-inner text-center\">\n                  \n\n<h3 class=\"uppercase\"><strong>Pourquoi choisir nos huiles pour sauna?<\/strong><\/h3>\n<p>Chez Nordic-oil.fr, nous croyons en l&#8217;harmonie entre la nature et le bien-\u00eatre. Nos huiles sont formul\u00e9es avec des essences pures qui \u00e9voquent les vastes for\u00eats nordiques et les lacs tranquilles. Choisissez parmi notre gamme vari\u00e9e, allant des ar\u00f4mes apaisants aux stimulants, pour personnaliser votre exp\u00e9rience selon vos pr\u00e9f\u00e9rences.<\/p>\n<a href=\"https:\/\/nordic-oil.fr\/?page_id=9\" class=\"button white\"  style=\"border-radius:99px;\">\n    <span>faire des achats<\/span>\n  <\/a>\n\n\n\n              <\/div>\n           <\/div>\n                            \n<style>\n#text-box-863289844 {\n  width: 82%;\n}\n#text-box-863289844 .text-box-content {\n  font-size: 100%;\n}\n@media (min-width:550px) {\n  #text-box-863289844 {\n    width: 41%;\n  }\n}\n<\/style>\n    <\/div>\n \n\t<div class=\"img has-hover x85 md-x85 lg-x85 y15 md-y15 lg-y15\" id=\"image_1304126951\">\n\t\t\t\t\t\t\t\t<div class=\"img-inner dark\" >\n\t\t\t<img loading=\"lazy\" decoding=\"async\" width=\"243\" height=\"460\" src=\"https:\/\/nordic-oil.fr\/wp-content\/uploads\/2023\/12\/323d3af7-52df-46f8-9bcd-75402309fa95.png\" class=\"attachment-large size-large\" alt=\"\" srcset=\"https:\/\/nordic-oil.fr\/wp-content\/uploads\/2023\/12\/323d3af7-52df-46f8-9bcd-75402309fa95.png 243w, https:\/\/nordic-oil.fr\/wp-content\/uploads\/2023\/12\/323d3af7-52df-46f8-9bcd-75402309fa95-158x300.png 158w\" sizes=\"auto, (max-width: 243px) 100vw, 243px\" \/>\t\t\t\t\t\t\n\t\t\t\t\t<\/div>\n\t\t\t\t\t\t\t\t\n<style>\n#image_1304126951 {\n  width: 16%;\n}\n<\/style>\n\t<\/div>\n\t\n\n\n        <\/div>\n      <\/div>\n\n            \n<style>\n#banner-253716772 {\n  padding-top: 540px;\n  background-color: rgb(113, 117, 186);\n}\n#banner-253716772 .bg.bg-loaded {\n  background-image: 8957;\n}\n#banner-253716772 .bg {\n  background-position: 60% 16%;\n}\n<\/style>\n  <\/div>\n\n\n<div class=\"row row-collapse row-full-width\"  id=\"row-1876725413\">\n\n\n\t<div id=\"col-1031398377\" class=\"col medium-6 small-12 large-6\"  >\n\t\t\t\t<div class=\"col-inner\"  >\n\t\t\t\n\t\t\t\n\n\n  <div class=\"banner has-hover has-parallax\" id=\"banner-1084518978\">\n          <div class=\"banner-inner fill\">\n        <div class=\"banner-bg fill\" data-parallax=\"-1\" data-parallax-container=\".banner\" data-parallax-background>\n            <div class=\"bg fill bg-fill \"><\/div>\n                                    \n                    <\/div>\n\t\t\n        <div class=\"banner-layers container\">\n            <div class=\"fill banner-link\"><\/div>            \n\n   <div id=\"text-box-928552052\" class=\"text-box banner-layer x5 md-x5 lg-x5 y50 md-y50 lg-y50 res-text\">\n              <div data-parallax=\"2\" data-parallax-fade=\"true\">                  <div class=\"text-box-content text dark\">\n              \n              <div class=\"text-inner text-center\">\n                  \n\n<div class=\"row\"  id=\"row-84537074\">\n\n\n\t<div id=\"col-2040391086\" class=\"col medium-6 small-12 large-6\"  >\n\t\t\t\t<div class=\"col-inner\"  >\n\t\t\t\n\t\t\t\n\n\n\t\t<div class=\"icon-box featured-box icon-box-top text-left\"  >\n\t\t\t\t\t<div class=\"icon-box-img\" style=\"width: 61px\">\n\t\t\t\t<div class=\"icon\">\n\t\t\t\t\t<div class=\"icon-inner\" >\n\t\t\t\t\t\t<?xml version=\"1.0\" encoding=\"iso-8859-1\"?>\r\n<!-- Uploaded to: SVG Repo, www.svgrepo.com, Generator: SVG Repo Mixer Tools -->\r\n<!DOCTYPE svg PUBLIC \"-\/\/W3C\/\/DTD SVG 1.1\/\/EN\" \"http:\/\/www.w3.org\/Graphics\/SVG\/1.1\/DTD\/svg11.dtd\">\r\n<svg fill=\"#000000\" height=\"800px\" width=\"800px\" version=\"1.1\" id=\"Capa_1\" xmlns=\"http:\/\/www.w3.org\/2000\/svg\" xmlns:xlink=\"http:\/\/www.w3.org\/1999\/xlink\" \r\n\t viewBox=\"0 0 422.518 422.518\" xml:space=\"preserve\">\r\n<path d=\"M422.512,215.424c0-0.079-0.004-0.158-0.005-0.237c-0.116-5.295-4.368-9.514-9.727-9.514h-2.554l-39.443-76.258\r\n\tc-1.664-3.22-4.983-5.225-8.647-5.226l-67.34-0.014l2.569-20.364c0.733-8.138-1.783-15.822-7.086-21.638\r\n\tc-5.293-5.804-12.683-9.001-20.81-9.001h-209c-5.255,0-9.719,4.066-10.22,9.308l-2.095,16.778h119.078\r\n\tc7.732,0,13.836,6.268,13.634,14c-0.203,7.732-6.635,14-14.367,14H126.78c0.007,0.02,0.014,0.04,0.021,0.059H10.163\r\n\tc-5.468,0-10.017,4.432-10.16,9.9c-0.143,5.468,4.173,9.9,9.641,9.9H164.06c7.168,1.104,12.523,7.303,12.326,14.808\r\n\tc-0.216,8.242-7.039,14.925-15.267,14.994H54.661c-5.523,0-10.117,4.477-10.262,10c-0.145,5.523,4.215,10,9.738,10h105.204\r\n\tc7.273,1.013,12.735,7.262,12.537,14.84c-0.217,8.284-7.109,15-15.393,15H35.792v0.011H25.651c-5.523,0-10.117,4.477-10.262,10\r\n\tc-0.145,5.523,4.214,10,9.738,10h8.752l-3.423,35.818c-0.734,8.137,1.782,15.821,7.086,21.637c5.292,5.805,12.683,9.001,20.81,9.001\r\n\th7.55C69.5,333.8,87.3,349.345,109.073,349.345c21.773,0,40.387-15.545,45.06-36.118h94.219c7.618,0,14.83-2.913,20.486-7.682\r\n\tc5.172,4.964,12.028,7.682,19.514,7.682h1.55c3.597,20.573,21.397,36.118,43.171,36.118c21.773,0,40.387-15.545,45.06-36.118h6.219\r\n\tc16.201,0,30.569-13.171,32.029-29.36l6.094-67.506c0.008-0.091,0.004-0.181,0.01-0.273c0.01-0.139,0.029-0.275,0.033-0.415\r\n\tC422.52,215.589,422.512,215.508,422.512,215.424z M109.597,329.345c-13.785,0-24.707-11.214-24.346-24.999\r\n\tc0.361-13.786,11.87-25.001,25.655-25.001c13.785,0,24.706,11.215,24.345,25.001C134.89,318.131,123.382,329.345,109.597,329.345z\r\n\t M333.597,329.345c-13.785,0-24.706-11.214-24.346-24.999c0.361-13.786,11.87-25.001,25.655-25.001\r\n\tc13.785,0,24.707,11.215,24.345,25.001C358.89,318.131,347.382,329.345,333.597,329.345z M396.457,282.588\r\n\tc-0.52,5.767-5.823,10.639-11.58,10.639h-6.727c-4.454-19.453-21.744-33.882-42.721-33.882c-20.977,0-39.022,14.429-44.494,33.882\r\n\th-2.059c-2.542,0-4.81-0.953-6.389-2.685c-1.589-1.742-2.337-4.113-2.106-6.676l12.609-139.691l28.959,0.006l-4.59,50.852\r\n\tc-0.735,8.137,1.78,15.821,7.083,21.637c5.292,5.806,12.685,9.004,20.813,9.004h56.338L396.457,282.588z\"\/>\r\n<\/svg>\t\t\t\t\t<\/div>\n\t\t\t\t<\/div>\n\t\t\t<\/div>\n\t\t\t\t<div class=\"icon-box-text last-reset\">\n\t\t\t\t\t\t\t\t\t\n\n<h3><strong>Livraison Rapide Garantie<\/strong><\/h3>\n<p>Chez Nordic-oil.fr, nous comprenons l&#8217;excitation qui accompagne la commande de produits de bien-\u00eatre. C&#8217;est pourquoi nous nous engageons \u00e0 vous offrir une exp\u00e9rience d&#8217;achat sans tracas, avec une livraison rapide qui vous permettra de profiter au plus vite de nos huiles pour sauna nordique.<\/p>\n\n\t\t<\/div>\n\t<\/div>\n\t\n\t\n\n\t\t<\/div>\n\t\t\t\t\t<\/div>\n\n\t\n\n\t<div id=\"col-1714960771\" class=\"col medium-6 small-12 large-6\"  >\n\t\t\t\t<div class=\"col-inner\"  >\n\t\t\t\n\t\t\t\n\n\n\t\t<div class=\"icon-box featured-box icon-box-top text-left\"  >\n\t\t\t\t\t<div class=\"icon-box-img\" style=\"width: 60px\">\n\t\t\t\t<div class=\"icon\">\n\t\t\t\t\t<div class=\"icon-inner\" >\n\t\t\t\t\t\t<?xml version=\"1.0\" encoding=\"iso-8859-1\"?>\r\n<!-- Uploaded to: SVG Repo, www.svgrepo.com, Generator: SVG Repo Mixer Tools -->\r\n<!DOCTYPE svg PUBLIC \"-\/\/W3C\/\/DTD SVG 1.1\/\/EN\" \"http:\/\/www.w3.org\/Graphics\/SVG\/1.1\/DTD\/svg11.dtd\">\r\n<svg fill=\"#000000\" version=\"1.1\" id=\"Capa_1\" xmlns=\"http:\/\/www.w3.org\/2000\/svg\" xmlns:xlink=\"http:\/\/www.w3.org\/1999\/xlink\" \r\n\t width=\"800px\" height=\"800px\" viewBox=\"0 0 414.594 414.594\"\r\n\t xml:space=\"preserve\">\r\n<g>\r\n\t<g>\r\n\t\t<g>\r\n\t\t\t<path d=\"M357.594,298.009l-84.891-33.848l-19.881-16.748c-5.25-4.438-13.004-4.11-17.873,0.73l-27.64,27.481l-27.717-27.492\r\n\t\t\t\tc-4.874-4.832-12.618-5.146-17.864-0.722l-19.879,16.748l-84.895,33.854C29.622,308.9,29.644,405.708,27.297,414.594h360\r\n\t\t\t\tC384.955,405.73,384.941,308.885,357.594,298.009z\"\/>\r\n\t\t\t<path d=\"M314.002,87.668C308.106,38.434,262.505,0,207.297,0s-100.81,38.434-106.705,87.668\r\n\t\t\t\tc-4.898,3.137-8.153,8.613-8.153,14.859v39.996c0,9.743,7.899,17.646,17.646,17.646l15.942-0.04\r\n\t\t\t\tc9.848,51.453,44.795,80.728,81.27,80.728c36.475,0,57.666-17.339,71.719-49.293c-10.729,8.416-26.324,16.114-48.134,17.704\r\n\t\t\t\tc-2.004,2.985-5.411,4.951-9.276,4.951h-10.189c-6.167,0-11.167-4.999-11.167-11.167s5-11.167,11.167-11.167h10.189\r\n\t\t\t\tc3.611,0,6.813,1.723,8.854,4.383c35.067-2.815,51.558-24.083,58.134-36.091l15.916-0.006c9.746,0,17.646-7.903,17.646-17.646\r\n\t\t\t\tv-39.996C322.154,96.281,318.899,90.805,314.002,87.668z M287.961,89.47c-10.407-32.854-40.473-52.385-80.664-52.385\r\n\t\t\t\tc-40.192,0-70.276,19.519-80.694,52.357c-1.612-1.456-3.49-2.616-5.559-3.401C127.705,48.656,163.845,20,207.297,20\r\n\t\t\t\ts79.591,28.656,86.253,66.041C291.468,86.832,289.58,88,287.961,89.47z\"\/>\r\n\t\t<\/g>\r\n\t<\/g>\r\n<\/g>\r\n<\/svg>\t\t\t\t\t<\/div>\n\t\t\t\t<\/div>\n\t\t\t<\/div>\n\t\t\t\t<div class=\"icon-box-text last-reset\">\n\t\t\t\t\t\t\t\t\t\n\n<h3><strong>Service Client Exceptionnel<\/strong><\/h3>\n<p>Chez Nordic-oil.fr, nous pla\u00e7ons nos clients au c\u0153ur de tout ce que nous faisons. Notre engagement envers votre satisfaction est in\u00e9branlable, et notre \u00e9quipe d\u00e9vou\u00e9e de service client est l\u00e0 pour vous offrir une assistance exceptionnelle \u00e0 chaque \u00e9tape de votre parcours d&#8217;achat.<\/p>\n\n\t\t<\/div>\n\t<\/div>\n\t\n\t\n\n\t\t<\/div>\n\t\t\t\t\t<\/div>\n\n\t\n\n<\/div>\n\n              <\/div>\n           <\/div>\n              <\/div>              \n<style>\n#text-box-928552052 {\n  width: 85%;\n}\n#text-box-928552052 .text-box-content {\n  font-size: 100%;\n}\n@media (min-width:550px) {\n  #text-box-928552052 {\n    width: 89%;\n  }\n}\n<\/style>\n    <\/div>\n \n\n        <\/div>\n      <\/div>\n\n            \n<style>\n#banner-1084518978 {\n  padding-top: 470px;\n  background-color: rgb(164, 113, 186);\n}\n#banner-1084518978 .bg.bg-loaded {\n  background-image: 8956;\n}\n<\/style>\n  <\/div>\n\n\n\n\t\t<\/div>\n\t\t\t\t\t<\/div>\n\n\t\n\n\t<div id=\"col-196641616\" class=\"col medium-6 small-12 large-6\"  >\n\t\t\t\t<div class=\"col-inner\"  >\n\t\t\t\n\t\t\t\n\n\n  <div class=\"banner has-hover has-parallax\" id=\"banner-1444624084\">\n          <div class=\"banner-inner fill\">\n        <div class=\"banner-bg fill\" data-parallax=\"-1\" data-parallax-container=\".banner\" data-parallax-background>\n            <div class=\"bg fill bg-fill \"><\/div>\n                                    \n                    <\/div>\n\t\t\n        <div class=\"banner-layers container\">\n            <div class=\"fill banner-link\"><\/div>            \n\n   <div id=\"text-box-1203407130\" class=\"text-box banner-layer x10 md-x10 lg-x10 y50 md-y50 lg-y50 res-text\">\n                                <div class=\"text-box-content text \">\n              \n              <div class=\"text-inner text-left\">\n                  \n\n<h5><strong>Ce que nous offrons :<\/strong><\/h5>\n<ul>\n<li>\n<h5>Des huiles naturelles et pures, sans additifs artificiels.<\/h5>\n<\/li>\n<li>\n<h5>Des parfums envo\u00fbtants qui captivent les sens.<\/h5>\n<\/li>\n<li>\n<h5>Des m\u00e9langes con\u00e7us pour favoriser la relaxation et revitaliser le corps.<\/h5>\n<\/li>\n<li>\n<h5>Des conseils d&#8217;utilisation pour une exp\u00e9rience de sauna optimale.<\/h5>\n<\/li>\n<\/ul>\n<h5>Plongez dans l&#8217;exp\u00e9rience Nordic-oil.fr et transformez chaque s\u00e9ance de sauna en un moment de pur bonheur nordique. Parcourez notre s\u00e9lection et trouvez l&#8217;huile parfaite pour sublimer votre rituel de bien-\u00eatre.<\/h5>\n<a href=\"https:\/\/nordic-oil.fr\/?page_id=9\" class=\"button primary\"  style=\"border-radius:99px;\">\n    <span>faire des achats<\/span>\n  <\/a>\n\n\n\n              <\/div>\n           <\/div>\n                            \n<style>\n#text-box-1203407130 {\n  width: 74%;\n}\n#text-box-1203407130 .text-box-content {\n  font-size: 100%;\n}\n@media (min-width:550px) {\n  #text-box-1203407130 {\n    width: 52%;\n  }\n}\n<\/style>\n    <\/div>\n \n\t<div class=\"img has-hover x95 md-x95 lg-x95 y25 md-y25 lg-y25\" id=\"image_1409771685\">\n\t\t\t\t\t\t\t\t<div class=\"img-inner dark\" >\n\t\t\t<img loading=\"lazy\" decoding=\"async\" width=\"940\" height=\"906\" src=\"https:\/\/nordic-oil.fr\/wp-content\/uploads\/2023\/12\/bf1ce04e-d5b1-4aaf-a474-7caec856d2aa.png\" class=\"attachment-large size-large\" alt=\"\" srcset=\"https:\/\/nordic-oil.fr\/wp-content\/uploads\/2023\/12\/bf1ce04e-d5b1-4aaf-a474-7caec856d2aa.png 940w, https:\/\/nordic-oil.fr\/wp-content\/uploads\/2023\/12\/bf1ce04e-d5b1-4aaf-a474-7caec856d2aa-600x578.png 600w, https:\/\/nordic-oil.fr\/wp-content\/uploads\/2023\/12\/bf1ce04e-d5b1-4aaf-a474-7caec856d2aa-300x289.png 300w, https:\/\/nordic-oil.fr\/wp-content\/uploads\/2023\/12\/bf1ce04e-d5b1-4aaf-a474-7caec856d2aa-768x740.png 768w\" sizes=\"auto, (max-width: 940px) 100vw, 940px\" \/>\t\t\t\t\t\t\n\t\t\t\t\t<\/div>\n\t\t\t\t\t\t\t\t\n<style>\n#image_1409771685 {\n  width: 33%;\n}\n<\/style>\n\t<\/div>\n\t\n\n\n        <\/div>\n      <\/div>\n\n            \n<style>\n#banner-1444624084 {\n  padding-top: 470px;\n  background-color: rgb(218, 218, 218);\n}\n#banner-1444624084 .bg.bg-loaded {\n  background-image: 8102;\n}\n<\/style>\n  <\/div>\n\n\n\n\t\t<\/div>\n\t\t\t\t\t<\/div>\n\n\t\n\n<\/div>\n\n  <div class=\"banner has-hover\" id=\"banner-515916802\">\n          <div class=\"banner-inner fill\">\n        <div class=\"banner-bg fill\" >\n            <div class=\"bg fill bg-fill \"><\/div>\n                        <div class=\"overlay\"><\/div>            \n                    <\/div>\n\t\t\n        <div class=\"banner-layers container\">\n            <div class=\"fill banner-link\"><\/div>            \n\n   <div id=\"text-box-429691952\" class=\"text-box banner-layer x50 md-x50 lg-x50 y50 md-y50 lg-y50 res-text\">\n              <div data-parallax=\"2\" data-parallax-fade=\"true\">                  <div class=\"text-box-content text dark\">\n              \n              <div class=\"text-inner text-center\">\n                  \n\n<h3 class=\"uppercase\"><strong>Les soldes se terminent bient\u00f4t<\/strong><\/h3>\n<p>Nos offres exceptionnelles se terminent bient\u00f4t, alors assurez-vous de les utiliser avant la fin de la vente.<\/p>\n<div id=\"timer-1750583286\" class=\"ux-timer dark\" data-text-plural=\"s\" data-text-hour=\"heure\" data-text-day=\"jour\" data-text-week=\"semaine\" data-text-min=\"min\" data-text-sec=\"sec\" data-text-hour-p=\"\" data-text-day-p=\"\" data-text-week-p=\"\" data-text-min-p=\"\" data-text-sec-p=\"\" data-countdown=\"2024\/1\/4 18:00\"><span>&nbsp;<div class=\"loading-spin dark centered\"><\/div><strong>&nbsp;<\/strong><\/span><\/div>\n<style>\n#timer-1750583286 {\n  font-size: 300%;\n}\n#timer-1750583286 span {\n  background-color: rgba(0, 0, 0, 0.06);\n}\n<\/style>\n\n\n<a class=\"button white\"  style=\"border-radius:99px;\">\n    <span>faire des achats<\/span>\n  <\/a>\n\n\n\n              <\/div>\n           <\/div>\n              <\/div>              \n<style>\n#text-box-429691952 {\n  width: 79%;\n}\n#text-box-429691952 .text-box-content {\n  font-size: 100%;\n}\n@media (min-width:550px) {\n  #text-box-429691952 {\n    width: 60%;\n  }\n}\n<\/style>\n    <\/div>\n \n\n        <\/div>\n      <\/div>\n\n            \n<style>\n#banner-515916802 {\n  padding-top: 500px;\n}\n#banner-515916802 .bg.bg-loaded {\n  background-image: 6799;\n}\n#banner-515916802 .overlay {\n  background-color: rgba(0, 185, 179, 0.91);\n}\n<\/style>\n  <\/div>\n\n\n\n  <div class=\"banner has-hover has-parallax\" id=\"banner-1696940882\">\n          <div class=\"banner-inner fill\">\n        <div class=\"banner-bg fill\" data-parallax=\"-3\" data-parallax-container=\".banner\" data-parallax-background>\n            <div class=\"bg fill bg-fill \"><\/div>\n                        <div class=\"overlay\"><\/div>            \n                    <\/div>\n\t\t\n        <div class=\"banner-layers container\">\n            <div class=\"fill banner-link\"><\/div>            \n\n   <div id=\"text-box-22126580\" class=\"text-box banner-layer x50 md-x50 lg-x50 y50 md-y50 lg-y50 res-text\">\n              <div data-parallax=\"2\" data-parallax-fade=\"true\">                  <div class=\"text-box-content text dark\">\n              \n              <div class=\"text-inner text-center\">\n                  \n\n<h3 class=\"uppercase\"><strong>Restez Connect\u00e9 avec Nordic-oil.fr !<\/strong><\/h3>\n<p>Recevez des offres exclusives, des conseils bien-\u00eatre et soyez les premiers inform\u00e9s sur nos nouveaut\u00e9s ! Inscrivez-vous \u00e0 notre newsletter pour ne rien manquer.<\/p>\n\n<div class=\"wpcf7 no-js\" id=\"wpcf7-f47-o1\" lang=\"en-US\" dir=\"ltr\">\n<div class=\"screen-reader-response\"><p role=\"status\" aria-live=\"polite\" aria-atomic=\"true\"><\/p> <ul><\/ul><\/div>\n<form action=\"\/index.php?rest_route=%2Fwp%2Fv2%2Fpages%2F2#wpcf7-f47-o1\" method=\"post\" class=\"wpcf7-form init\" aria-label=\"Contact form\" novalidate=\"novalidate\" data-status=\"init\">\n<div style=\"display: none;\">\n<input type=\"hidden\" name=\"_wpcf7\" value=\"47\" \/>\n<input type=\"hidden\" name=\"_wpcf7_version\" value=\"5.8.4\" \/>\n<input type=\"hidden\" name=\"_wpcf7_locale\" value=\"en_US\" \/>\n<input type=\"hidden\" name=\"_wpcf7_unit_tag\" value=\"wpcf7-f47-o1\" \/>\n<input type=\"hidden\" name=\"_wpcf7_container_post\" value=\"0\" \/>\n<input type=\"hidden\" name=\"_wpcf7_posted_data_hash\" value=\"\" \/>\n<\/div>\n<p><label> Votre courriel<br \/>\n<span class=\"wpcf7-form-control-wrap\" data-name=\"your-email\"><input size=\"40\" class=\"wpcf7-form-control wpcf7-email wpcf7-validates-as-required wpcf7-text wpcf7-validates-as-email\" autocomplete=\"email\" aria-required=\"true\" aria-invalid=\"false\" value=\"\" type=\"email\" name=\"your-email\" \/><\/span> <\/label>\n<\/p>\n<p><input class=\"wpcf7-form-control wpcf7-submit has-spinner\" type=\"submit\" value=\"Soumettre\" \/>\n<\/p><div class=\"wpcf7-response-output\" aria-hidden=\"true\"><\/div>\n<\/form>\n<\/div>\n\n\n\n              <\/div>\n           <\/div>\n              <\/div>              \n<style>\n#text-box-22126580 {\n  width: 93%;\n}\n#text-box-22126580 .text-box-content {\n  font-size: 100%;\n}\n@media (min-width:550px) {\n  #text-box-22126580 {\n    width: 60%;\n  }\n}\n<\/style>\n    <\/div>\n \n\n        <\/div>\n      <\/div>\n\n            \n<style>\n#banner-1696940882 {\n  padding-top: 450px;\n}\n#banner-1696940882 .bg.bg-loaded {\n  background-image: 8894;\n}\n#banner-1696940882 .overlay {\n  background-color: rgba(0, 0, 0, 0.63);\n}\n<\/style>\n  <\/div>\n\n\n\n","protected":false},"excerpt":{"rendered":"","protected":false},"author":1,"featured_media":0,"parent":0,"menu_order":0,"comment_status":"closed","ping_status":"closed","template":"page-blank.php","meta":{"footnotes":""},"class_list":["post-2","page","type-page","status-publish","hentry"],"_links":{"self":[{"href":"https:\/\/nordic-oil.fr\/index.php?rest_route=\/wp\/v2\/pages\/2","targetHints":{"allow":["GET"]}}],"collection":[{"href":"https:\/\/nordic-oil.fr\/index.php?rest_route=\/wp\/v2\/pages"}],"about":[{"href":"https:\/\/nordic-oil.fr\/index.php?rest_route=\/wp\/v2\/types\/page"}],"author":[{"embeddable":true,"href":"https:\/\/nordic-oil.fr\/index.php?rest_route=\/wp\/v2\/users\/1"}],"replies":[{"embeddable":true,"href":"https:\/\/nordic-oil.fr\/index.php?rest_route=%2Fwp%2Fv2%2Fcomments&post=2"}],"version-history":[{"count":0,"href":"https:\/\/nordic-oil.fr\/index.php?rest_route=\/wp\/v2\/pages\/2\/revisions"}],"wp:attachment":[{"href":"https:\/\/nordic-oil.fr\/index.php?rest_route=%2Fwp%2Fv2%2Fmedia&parent=2"}],"curies":[{"name":"wp","href":"https:\/\/api.w.org\/{rel}","templated":true}]}}