

{"id":69,"date":"2024-01-17T12:54:10","date_gmt":"2024-01-17T12:54:10","guid":{"rendered":"https:\/\/nordic-oil.fr\/?post_type=product&#038;p=69"},"modified":"2024-01-19T14:25:33","modified_gmt":"2024-01-19T14:25:33","slug":"30-oil","status":"publish","type":"product","link":"https:\/\/nordic-oil.fr\/?product=30-oil","title":{"rendered":"Huile Naturelle Plus 30%"},"content":{"rendered":"<p>Plongez dans une exp\u00e9rience de bien-\u00eatre exceptionnelle avec notre Huile Naturelle Plus 30%, pris\u00e9e par ceux ayant une forte demande de bienfaits naturels. Sans mentionner les noms sp\u00e9cifiques, cette huile \u00e0 spectre complet est renforc\u00e9e avec 120 mg d&#8217;extraits v\u00e9g\u00e9taux, cr\u00e9ant ainsi un effet d&#8217;entourage maximal.<\/p>\n<p>Cette formule est sp\u00e9cialement con\u00e7ue pour r\u00e9pondre aux probl\u00e8mes de sommeil, soulager la douleur, et apaiser les journ\u00e9es particuli\u00e8rement stressantes. En combinant les cannabino\u00efdes naturels de mani\u00e8re judicieuse, notre Huile Naturelle Plus 30% offre une efficacit\u00e9 accrue tout en pr\u00e9servant la clart\u00e9 mentale.<\/p>\n<p>Convient parfaitement \u00e0 ceux cherchant une solution puissante pour optimiser leur bien-\u00eatre physique et \u00e9motionnel. Choisissez la voie naturelle avec notre Huile Naturelle Plus 30%, pour une exp\u00e9rience apaisante et revitalisante. Profitez d&#8217;une concentration exceptionnelle de bienfaits naturels, pour un soulagement optimal sans effet psychotrope.<\/p>\n","protected":false},"excerpt":{"rendered":"<p>D\u00e9couvrez notre Huile Naturelle Plus 30%, enrichie de 120 mg d&#8217;extraits v\u00e9g\u00e9taux pour un effet d&#8217;entourage maximal. Appr\u00e9ci\u00e9e par ceux ayant une demande \u00e9lev\u00e9e, cette solution \u00e0 spectre complet offre des quantit\u00e9s particuli\u00e8rement \u00e9lev\u00e9es de composants naturels, assurant une efficacit\u00e9 optimale sans effet psychotrope.<\/p>\n","protected":false},"featured_media":70,"comment_status":"open","ping_status":"closed","template":"","meta":[],"product_cat":[15],"product_tag":[],"class_list":{"0":"post-69","1":"product","2":"type-product","3":"status-publish","4":"has-post-thumbnail","6":"product_cat-uncategorized","8":"first","9":"instock","10":"sale","11":"shipping-taxable","12":"purchasable","13":"product-type-simple"},"_links":{"self":[{"href":"https:\/\/nordic-oil.fr\/index.php?rest_route=\/wp\/v2\/product\/69","targetHints":{"allow":["GET"]}}],"collection":[{"href":"https:\/\/nordic-oil.fr\/index.php?rest_route=\/wp\/v2\/product"}],"about":[{"href":"https:\/\/nordic-oil.fr\/index.php?rest_route=\/wp\/v2\/types\/product"}],"replies":[{"embeddable":true,"href":"https:\/\/nordic-oil.fr\/index.php?rest_route=%2Fwp%2Fv2%2Fcomments&post=69"}],"wp:featuredmedia":[{"embeddable":true,"href":"https:\/\/nordic-oil.fr\/index.php?rest_route=\/wp\/v2\/media\/70"}],"wp:attachment":[{"href":"https:\/\/nordic-oil.fr\/index.php?rest_route=%2Fwp%2Fv2%2Fmedia&parent=69"}],"wp:term":[{"taxonomy":"product_cat","embeddable":true,"href":"https:\/\/nordic-oil.fr\/index.php?rest_route=%2Fwp%2Fv2%2Fproduct_cat&post=69"},{"taxonomy":"product_tag","embeddable":true,"href":"https:\/\/nordic-oil.fr\/index.php?rest_route=%2Fwp%2Fv2%2Fproduct_tag&post=69"}],"curies":[{"name":"wp","href":"https:\/\/api.w.org\/{rel}","templated":true}]}}