

{"id":71,"date":"2024-01-17T12:55:33","date_gmt":"2024-01-17T12:55:33","guid":{"rendered":"https:\/\/nordic-oil.fr\/?post_type=product&#038;p=71"},"modified":"2024-01-19T14:25:23","modified_gmt":"2024-01-19T14:25:23","slug":"40-oil","status":"publish","type":"product","link":"https:\/\/nordic-oil.fr\/?product=40-oil","title":{"rendered":"Huile Naturelle Plus 40%"},"content":{"rendered":"<p>Plongez dans l&#8217;excellence du bien-\u00eatre avec notre Huile Naturelle Plus 40%, la plus puissante sur le march\u00e9. Sans mentionner les noms sp\u00e9cifiques, cette huile \u00e0 spectre complet est con\u00e7ue pour offrir un effet d&#8217;entourage maximal en int\u00e9grant une quantit\u00e9 extr\u00eamement \u00e9lev\u00e9e de composants naturels.<\/p>\n<p>Cette formule est sp\u00e9cialement \u00e9labor\u00e9e pour r\u00e9pondre aux besoins des personnes cherchant une solution robuste contre les douleurs chroniques, les nuits sans sommeil et le stress s\u00e9v\u00e8re. En combinant habilement les ingr\u00e9dients actifs du chanvre, notre Huile Naturelle Plus 40% offre une exp\u00e9rience bien-\u00eatre exceptionnelle, allant au-del\u00e0 des autres huiles de CBD.<\/p>\n<p>Convient parfaitement \u00e0 ceux cherchant \u00e0 maximiser leur bien-\u00eatre physique et \u00e9motionnel. Choisissez la puissance ultime du bien-\u00eatre avec notre Huile Naturelle Plus 40%, pour une exp\u00e9rience apaisante et revitalisante. Profitez d&#8217;une concentration exceptionnelle de bienfaits naturels, pour un soulagement optimal sans mention de noms sp\u00e9cifiques.<\/p>\n","protected":false},"excerpt":{"rendered":"<p>D\u00e9couvrez notre Huile Naturelle Plus 40% &#8211; La puissance ultime du bien-\u00eatre. Formul\u00e9e pour un effet d&#8217;entourage maximal, cette huile \u00e0 spectre complet est notre produit le plus puissant. Avec une concentration exceptionnelle de composants naturels, elle offre un effet beaucoup plus fort que les autres options sur le march\u00e9.<\/p>\n","protected":false},"featured_media":72,"comment_status":"open","ping_status":"closed","template":"","meta":[],"product_cat":[15],"product_tag":[],"class_list":{"0":"post-71","1":"product","2":"type-product","3":"status-publish","4":"has-post-thumbnail","6":"product_cat-uncategorized","8":"first","9":"instock","10":"sale","11":"shipping-taxable","12":"purchasable","13":"product-type-simple"},"_links":{"self":[{"href":"https:\/\/nordic-oil.fr\/index.php?rest_route=\/wp\/v2\/product\/71","targetHints":{"allow":["GET"]}}],"collection":[{"href":"https:\/\/nordic-oil.fr\/index.php?rest_route=\/wp\/v2\/product"}],"about":[{"href":"https:\/\/nordic-oil.fr\/index.php?rest_route=\/wp\/v2\/types\/product"}],"replies":[{"embeddable":true,"href":"https:\/\/nordic-oil.fr\/index.php?rest_route=%2Fwp%2Fv2%2Fcomments&post=71"}],"wp:featuredmedia":[{"embeddable":true,"href":"https:\/\/nordic-oil.fr\/index.php?rest_route=\/wp\/v2\/media\/72"}],"wp:attachment":[{"href":"https:\/\/nordic-oil.fr\/index.php?rest_route=%2Fwp%2Fv2%2Fmedia&parent=71"}],"wp:term":[{"taxonomy":"product_cat","embeddable":true,"href":"https:\/\/nordic-oil.fr\/index.php?rest_route=%2Fwp%2Fv2%2Fproduct_cat&post=71"},{"taxonomy":"product_tag","embeddable":true,"href":"https:\/\/nordic-oil.fr\/index.php?rest_route=%2Fwp%2Fv2%2Fproduct_tag&post=71"}],"curies":[{"name":"wp","href":"https:\/\/api.w.org\/{rel}","templated":true}]}}